{"id":3349,"date":"2020-11-23T10:46:42","date_gmt":"2020-11-23T09:46:42","guid":{"rendered":"http:\/\/marineforum.online\/?page_id=3349"},"modified":"2025-02-18T12:15:41","modified_gmt":"2025-02-18T11:15:41","slug":"newsletter","status":"publish","type":"page","link":"https:\/\/marineforum.online\/en\/newsletter\/","title":{"rendered":"Newsletter"},"content":{"rendered":"\t\t<div data-elementor-type=\"wp-page\" data-elementor-id=\"3349\" class=\"elementor elementor-3349\" data-elementor-post-type=\"page\">\n\t\t\t\t<div class=\"elementor-element elementor-element-20c77731 e-flex e-con-boxed e-con e-parent\" data-id=\"20c77731\" data-element_type=\"container\" data-e-type=\"container\">\n\t\t\t\t\t<div class=\"e-con-inner\">\n\t\t\t\t<div class=\"elementor-element elementor-element-31ee3da elementor-widget elementor-widget-image\" data-id=\"31ee3da\" data-element_type=\"widget\" data-e-type=\"widget\" data-widget_type=\"image.default\">\n\t\t\t\t\t\t\t\t\t\t\t\t\t\t\t<img fetchpriority=\"high\" decoding=\"async\" width=\"1200\" height=\"450\" src=\"\/wp-content\/uploads\/2024\/04\/dmi_mkw_header_1200_450.jpg\" class=\"attachment-full size-full wp-image-36625\" alt=\"\" srcset=\"\/wp-content\/uploads\/2024\/04\/dmi_mkw_header_1200_450.jpg 1200w, \/wp-content\/uploads\/2024\/04\/dmi_mkw_header_1200_450-300x113.jpg 300w, \/wp-content\/uploads\/2024\/04\/dmi_mkw_header_1200_450-1024x384.jpg 1024w, \/wp-content\/uploads\/2024\/04\/dmi_mkw_header_1200_450-768x288.jpg 768w, \/wp-content\/uploads\/2024\/04\/dmi_mkw_header_1200_450-1080x405.jpg 1080w, \/wp-content\/uploads\/2024\/04\/dmi_mkw_header_1200_450-750x281.jpg 750w, \/wp-content\/uploads\/2024\/04\/dmi_mkw_header_1200_450-1140x428.jpg 1140w\" sizes=\"(max-width: 1200px) 100vw, 1200px\" \/>\t\t\t\t\t\t\t\t\t\t\t\t\t\t\t<\/div>\n\t\t\t\t<div class=\"elementor-element elementor-element-3e676199 elementor-widget elementor-widget-text-editor\" data-id=\"3e676199\" data-element_type=\"widget\" data-e-type=\"widget\" data-widget_type=\"text-editor.default\">\n\t\t\t\t\t\t\t\t\t<h1>marineforum Newsletter<\/h1><form class=\"layout_form cr_form cr_font\" action=\"https:\/\/seu.cleverreach.com\/f\/276034-151957\/wcs\/\" method=\"post\" target=\"_blank\"><div class=\"form-container-2 cr_body cr_page cr_font formbox\"><div class=\"editable_content\" style=\"text-align: left;\"><div id=\"3451434\" class=\"cr_ipe_item ui-sortable\"><div class=\"mce_text\"><p style=\"font-weight: 500;\"><span style=\"caret-color: #323e48; color: #323e48; font-size: 20px;\">Wir informieren Sie mit dem MarineForum-E-Mail-Newsletter \u00fcber aktuelle News und Informationen rund um die Maritime Wirtschaft.<\/span><\/p><\/div><p><!-- [et_pb_line_break_holder] --><\/p><\/div><div id=\"3451471\" class=\"cr_ipe_item ui-sortable\" style=\"margin-bottom: 0px;\"><p><!-- [et_pb_line_break_holder] --><input id=\"text3451471\" style=\"width: 100%;\" name=\"391594\" type=\"text\" value=\"\" placeholder=\"Anrede\" \/><\/p><p><!-- [et_pb_line_break_holder] --><\/p><\/div><div id=\"3451472\" class=\"cr_ipe_item ui-sortable\" style=\"margin-bottom: 0px;\"><p><!-- [et_pb_line_break_holder] --><input id=\"text3451472\" style=\"width: 100%;\" name=\"391592\" type=\"text\" value=\"\" placeholder=\"Vorname\" \/><\/p><p><!-- [et_pb_line_break_holder] --><\/p><\/div><div id=\"3451477\" class=\"cr_ipe_item ui-sortable\" style=\"margin-bottom: 0px;\"><p><!-- [et_pb_line_break_holder] --><input id=\"text3451477\" style=\"width: 100%;\" name=\"391593\" type=\"text\" value=\"\" placeholder=\"Name\" \/><\/p><p><!-- [et_pb_line_break_holder] --><\/p><\/div><div id=\"3450959\" class=\"cr_ipe_item ui-sortable musthave\" style=\"margin-bottom: 15px;\"><p><!-- [et_pb_line_break_holder] --><input id=\"text3450959\" style=\"width: 100%;\" name=\"email\" type=\"text\" value=\"\" placeholder=\"E-Mail\" \/><\/p><p><!-- [et_pb_line_break_holder] --><\/p><\/div><div id=\"3451508\" class=\"cr_ipe_item ui-sortable\"><p><!-- [et_pb_line_break_holder] --><\/p><div class=\"mce_text\"><p><span style=\"color: #888888;\">Aufgrund gesetzlicher Regelungen ist es erforderlich, dass Sie Ihre Anmeldung f\u00fcr den MarineForum-Newsletter best\u00e4tigen. Sie erhalten<\/span><span style=\"color: #888888; font-size: 1.06em;\"> eine E-Mail mit einem<span style=\"color: #316094;\"> <b><span style=\"color: #888888;\">Best\u00e4tigungslink. Bitte klicken Sie darauf,<\/span><\/b><\/span> dann sind Sie<\/span><span style=\"color: #888888; font-size: 1.06em;\"> zum Newsletter angemeldet:<\/span><b style=\"color: #888888; font-size: 1.06em;\"> <\/b><\/p><\/div><p><!-- [et_pb_line_break_holder] --><\/p><\/div><div id=\"3455539\" class=\"cr_ipe_item ui-sortable musthave\" style=\"margin-bottom: 0px;\"><p><!-- [et_pb_line_break_holder] --><!-- [et_pb_line_break_holder] --><\/p><div style=\"overflow: auto;\"><!-- [et_pb_line_break_holder] --><br \/><!-- [et_pb_line_break_holder] --> <input id=\"Ich habe die Datenschutzerkl\u00e4rung zur Kenntnis genommen.3455539\" class=\"cr_ipe_checkbox\" name=\"392147[]\" type=\"checkbox\" value=\"Ich habe die Datenschutzerkl\u00e4rung zur Kenntnis genommen.\" \/><span style=\"color: #888888;\">Ich habe die <a href=\"\/infoseiten\/datenschutz\/\" target=\"new\" rel=\"noopener noreferrer\">Datenschutzerkl\u00e4rung<\/a> zur Kenntnis genommen. <\/span><!-- [et_pb_line_break_holder] --><!-- [et_pb_line_break_holder] --><\/div><p><!-- [et_pb_line_break_holder] --><br style=\"clear: left;\" \/><!-- [et_pb_line_break_holder] --><\/p><\/div><div id=\"3450961\" class=\"cr_ipe_item ui-sortable submit_container\" style=\"text-align: right; margin-bottom: px;\"><!-- [et_pb_line_break_holder] --><button class=\"mfo-button\" type=\"submit\">Zum Newsletter Anmelden<\/button><\/div><div>\u00a0<\/div><\/div><\/div><\/form>\t\t\t\t\t\t\t\t<\/div>\n\t\t\t\t\t<\/div>\n\t\t\t\t<\/div>\n\t\t\t\t<\/div>\n\t\t","protected":false},"excerpt":{"rendered":"<p>marineforum Newsletter Wir informieren Sie mit dem MarineForum-E-Mail-Newsletter \u00fcber aktuelle News und Informationen rund um die Maritime Wirtschaft. Aufgrund gesetzlicher Regelungen ist es erforderlich, dass Sie Ihre Anmeldung f\u00fcr den MarineForum-Newsletter best\u00e4tigen. Sie erhalten eine E-Mail mit einem Best\u00e4tigungslink. Bitte klicken Sie darauf, dann sind Sie zum Newsletter angemeldet: Ich habe die Datenschutzerkl\u00e4rung zur Kenntnis [&hellip;]<\/p>\n","protected":false},"author":31,"featured_media":36625,"parent":0,"menu_order":0,"comment_status":"closed","ping_status":"closed","template":"","meta":{"_acf_changed":false,"_oasis_is_in_workflow":0,"_oasis_original":0,"_oasis_task_priority":"","footnotes":""},"class_list":["post-3349","page","type-page","status-publish","has-post-thumbnail","hentry"],"acf":[],"_links":{"self":[{"href":"https:\/\/marineforum.online\/en\/wp-json\/wp\/v2\/pages\/3349","targetHints":{"allow":["GET"]}}],"collection":[{"href":"https:\/\/marineforum.online\/en\/wp-json\/wp\/v2\/pages"}],"about":[{"href":"https:\/\/marineforum.online\/en\/wp-json\/wp\/v2\/types\/page"}],"author":[{"embeddable":true,"href":"https:\/\/marineforum.online\/en\/wp-json\/wp\/v2\/users\/31"}],"replies":[{"embeddable":true,"href":"https:\/\/marineforum.online\/en\/wp-json\/wp\/v2\/comments?post=3349"}],"version-history":[{"count":6,"href":"https:\/\/marineforum.online\/en\/wp-json\/wp\/v2\/pages\/3349\/revisions"}],"predecessor-version":[{"id":53099,"href":"https:\/\/marineforum.online\/en\/wp-json\/wp\/v2\/pages\/3349\/revisions\/53099"}],"wp:featuredmedia":[{"embeddable":true,"href":"https:\/\/marineforum.online\/en\/wp-json\/wp\/v2\/media\/36625"}],"wp:attachment":[{"href":"https:\/\/marineforum.online\/en\/wp-json\/wp\/v2\/media?parent=3349"}],"curies":[{"name":"wp","href":"https:\/\/api.w.org\/{rel}","templated":true}]}}