{"id":61,"date":"2020-09-24T11:07:04","date_gmt":"2020-09-24T09:07:04","guid":{"rendered":"http:\/\/marineforum.online\/?page_id=61"},"modified":"2025-12-22T13:34:45","modified_gmt":"2025-12-22T12:34:45","slug":"imprint","status":"publish","type":"page","link":"https:\/\/marineforum.online\/en\/infoseiten\/impressum\/","title":{"rendered":"Imprint"},"content":{"rendered":"<div data-elementor-type=\"wp-page\" data-elementor-id=\"61\" class=\"elementor elementor-61\" data-elementor-post-type=\"page\">\n\t\t\t\t<div class=\"elementor-element elementor-element-b85623 e-flex e-con-boxed e-con e-parent\" data-id=\"b85623\" data-element_type=\"container\" data-e-type=\"container\">\n\t\t\t\t\t<div class=\"e-con-inner\">\n\t\t\t\t<div class=\"elementor-element elementor-element-6ab50c8 elementor-widget elementor-widget-heading\" data-id=\"6ab50c8\" data-element_type=\"widget\" data-e-type=\"widget\" data-widget_type=\"heading.default\">\n\t\t\t\t\t<h2 class=\"elementor-heading-title elementor-size-default\">marineforum online editorial office<\/h2>\t\t\t\t<\/div>\n\t\t\t\t<div class=\"elementor-element elementor-element-14fc1b8a elementor-widget elementor-widget-text-editor\" data-id=\"14fc1b8a\" data-element_type=\"widget\" data-e-type=\"widget\" data-widget_type=\"text-editor.default\">\n\t\t\t\t\t\t\t\t\t<h2><span style=\"color: var( --e-global-color-text ); font-family: var( --e-global-typography-300ec74-font-family ), Sans-serif; font-size: var( --e-global-typography-300ec74-font-size ); font-weight: var( --e-global-typography-300ec74-font-weight ); text-align: var(--text-align);\">Provider<\/span><\/h2><p>German Maritime Institute e.V. (DMI)<br \/>Jadeallee 102, 26382 Wilhelmshaven<\/p><p>Association register number: VR 202315<br \/>Local court: Oldenburg<\/p><p>Phone: +49 (0)4421 500 47-0<br \/>Fax: +49 (0)4421 500 47- 29<br \/><a href=\"mailto:dmi@mov-moh.de\">dmi@mov-moh.de<\/a><\/p><p>Responsible for journalistic-editorial content of marineforum.online within the meaning of \u00a7 18 MStV: Jens Grimm<\/p><p><strong>\u00a0<\/strong><\/p><p><strong>President<\/strong><br \/>Rear Admiral (ret.) Karsten Schneider<\/p><p><strong>Chairman<\/strong><br \/>Flotilla Admiral Jens Grimm<\/p><p><strong>Managing Director<\/strong><br \/>Former staff captain lieutenant Karl-Hubert Br\u00fcdegam<\/p><p><a href=\"\/wp-login.php\"><button class=\"mfo-button\">Login editors<\/button><\/a><\/p>\t\t\t\t\t\t\t\t<\/div>\n\t\t\t\t<div class=\"elementor-element elementor-element-c54760e elementor-widget-divider--view-line elementor-widget elementor-widget-divider\" data-id=\"c54760e\" data-element_type=\"widget\" data-e-type=\"widget\" data-widget_type=\"divider.default\">\n\t\t\t\t\t\t\t<div class=\"elementor-divider\">\n\t\t\t<span class=\"elementor-divider-separator\">\n\t\t\t\t\t\t<\/span>\n\t\t<\/div>\n\t\t\t\t\t\t<\/div>\n\t\t\t\t<div class=\"elementor-element elementor-element-e4a5f2f elementor-widget elementor-widget-heading\" data-id=\"e4a5f2f\" data-element_type=\"widget\" data-e-type=\"widget\" data-widget_type=\"heading.default\">\n\t\t\t\t\t<h2 class=\"elementor-heading-title elementor-size-default\">marineforum online Design, UX &amp; Interactive, Commercials<\/h2>\t\t\t\t<\/div>\n\t\t\t\t<div class=\"elementor-element elementor-element-d0f3e58 elementor-widget elementor-widget-text-editor\" data-id=\"d0f3e58\" data-element_type=\"widget\" data-e-type=\"widget\" data-widget_type=\"text-editor.default\">\n\t\t\t\t\t\t\t\t\t<p><strong style=\"color: var( --e-global-color-text ); font-family: var( --e-global-typography-text-font-family ), Sans-serif; text-align: var(--text-align); font-size: 1rem;\">ELB BUREAUX GmbH<\/strong><\/p><p>Channel 8<br \/>Harburger Schlo\u00dfstra\u00dfe 30, 21079 Hamburg<br \/>Phone (040) 32 89 28 93<br \/><a href=\"https:\/\/marineforum.online\/en\/info-pages\/imprint\/\">elb-bureaux.com<\/a><\/p><p><strong>Art Direction, Design:<\/strong><br \/>Hakan Savasogan<br \/><a href=\"mailto:hakan@elb-bureaux.com\">hakan@elb-bureaux.com<\/a><\/p><p><strong>Project management:<\/strong><br \/>Michaela Savasogan<br \/><a href=\"mailto:michaela@elb-bureaux.com\">michaela@elb-bureaux.com<\/a><\/p><p><strong style=\"color: var( --e-global-color-text ); font-family: var( --e-global-typography-text-font-family ), Sans-serif; text-align: var(--text-align); font-size: 1rem;\">\u00a0<\/strong><\/p><p><strong style=\"color: var( --e-global-color-text ); font-family: var( --e-global-typography-text-font-family ), Sans-serif; text-align: var(--text-align); font-size: 1rem;\">SEO, Commercials:<\/strong><\/p><p>Michaela Savasogan<br \/><a href=\"mailto:anett@elb-bureaux.com\">michaela@elb-bureaux.com<\/a><\/p><p><strong>Content management, social media:<br \/><\/strong>Iryna Kl\u00fchn<\/p><p><strong>Code:<br \/><\/strong>Lennart Jauernig<br \/><a title=\"digital40 WordPress Agency Hamburg\" href=\"https:\/\/digital40.de\" target=\"_blank\" rel=\"noopener noreferrer nofollow\">digital40 WordPress Agency Hamburg<\/a><\/p>\t\t\t\t\t\t\t\t<\/div>\n\t\t\t\t<div class=\"elementor-element elementor-element-f5f8acb elementor-widget-divider--view-line elementor-widget elementor-widget-divider\" data-id=\"f5f8acb\" data-element_type=\"widget\" data-e-type=\"widget\" data-widget_type=\"divider.default\">\n\t\t\t\t\t\t\t<div class=\"elementor-divider\">\n\t\t\t<span class=\"elementor-divider-separator\">\n\t\t\t\t\t\t<\/span>\n\t\t<\/div>\n\t\t\t\t\t\t<\/div>\n\t\t\t\t<div class=\"elementor-element elementor-element-3659e55 elementor-widget elementor-widget-heading\" data-id=\"3659e55\" data-element_type=\"widget\" data-e-type=\"widget\" data-widget_type=\"heading.default\">\n\t\t\t\t\t<h2 class=\"elementor-heading-title elementor-size-default\">marineforum Print editorial office<\/h2>\t\t\t\t<\/div>\n\t\t\t\t<div class=\"elementor-element elementor-element-06c4982 elementor-widget elementor-widget-text-editor\" data-id=\"06c4982\" data-element_type=\"widget\" data-e-type=\"widget\" data-widget_type=\"text-editor.default\">\n\t\t\t\t\t\t\t\t\t<p><strong>Editor-in-Chief<br \/><\/strong>Holger Schl\u00fcter Captain (retired)<br \/><a href=\"mailto:Holger.Schlueter@mittler-report.de\">Holger.Schlueter@mittler-report.de<\/a><\/p><p><strong>German Maritime Competence Network dmkn<\/strong><br \/>Ottmar Becher Former frigate captain<br \/><a href=\"mailto:becher@dmkn.de\">becher@dmkn.de<\/a><\/p><p><strong>Armour technology <\/strong><br \/>Hans-Uwe Mergener Captain (retired)<br \/><a href=\"mailto:hans-uwe.mergener@mittler-report.de\">hans-uwe.mergener@mittler-report.de<\/a><\/p><p><strong>Maritime and international law<\/strong><br \/>Dr Michael Stehr<\/p><p><strong>Marines from all over the world<\/strong><br \/>Axel Stephenson Captain (retired)<\/p><p><strong>History Book reviews<\/strong><br \/>Dr Heinrich Walle Former frigate captain<\/p><p><strong style=\"color: var( --e-global-color-text ); font-family: var( --e-global-typography-4d5bee9-font-family ), Sans-serif; font-size: var( --e-global-typography-4d5bee9-font-size ); text-align: var(--text-align);\">\u00a0<\/strong><\/p><p><strong>Economy and harbours<\/strong><br \/>Anna Wroblewski (in co-operation with HANSA)<\/p><p><strong>Freelancers<\/strong><br \/>Sidney E. Dean, Hans Karr, Daniel Angres, Michael Nitz, Dieter Stockfisch, Andreas Uhl, Klaus-Dieter Klages<\/p><h4><strong>Service &amp; publishing office<\/strong><\/h4><p><strong>Telephone (02 28) 35 00 870<br \/><\/strong><strong>Fax (02 28) 35 00 871<br \/><\/strong><strong>e-mail: <\/strong><a href=\"about:blank\"><strong>info@mittler-report.de<\/strong><\/a><\/p><p><strong>Renate Herrmanns<br \/><\/strong>Telephone (02 28) 35 00 880<br \/>Fax (02 28) 35 00 871<br \/><a href=\"mailto:renate.herrmanns@mittler-report.de\">renate.herrmanns@mittler-report.de<\/a><\/p><p><strong>Markus Wenzel<br \/><\/strong>Phone +49 (0)40 - 707080 - 226<br \/>e-mail <a href=\"mailto:m.wenzel@mittler-report.de\">m.wenzel@mittler-report.de<\/a><\/p>\t\t\t\t\t\t\t\t<\/div>\n\t\t\t\t<div class=\"elementor-element elementor-element-2c06b0b elementor-widget-divider--view-line elementor-widget elementor-widget-divider\" data-id=\"2c06b0b\" data-element_type=\"widget\" data-e-type=\"widget\" data-widget_type=\"divider.default\">\n\t\t\t\t\t\t\t<div class=\"elementor-divider\">\n\t\t\t<span class=\"elementor-divider-separator\">\n\t\t\t\t\t\t<\/span>\n\t\t<\/div>\n\t\t\t\t\t\t<\/div>\n\t\t\t\t<div class=\"elementor-element elementor-element-3a8e736 elementor-widget elementor-widget-heading\" data-id=\"3a8e736\" data-element_type=\"widget\" data-e-type=\"widget\" data-widget_type=\"heading.default\">\n\t\t\t\t\t<h2 class=\"elementor-heading-title elementor-size-default\">Print production, advertising management online and print<\/h2>\t\t\t\t<\/div>\n\t\t\t\t<div class=\"elementor-element elementor-element-0fa6792 elementor-widget elementor-widget-text-editor\" data-id=\"0fa6792\" data-element_type=\"widget\" data-e-type=\"widget\" data-widget_type=\"text-editor.default\">\n\t\t\t\t\t\t\t\t\t<p><strong>Mittler Report Verlag GmbH<\/strong><br \/>A company of the Tamm Media Hamburg Group, Beethovenallee 21, 53173 Bonn Tel.: +49 (0) 228 3500 870<\/p><p><strong>Advertising management online and print\u00a0<\/strong><br \/>Michael Menzer, Tel.: + 49 (0) 151- 15 293 872<br \/><a href=\"mailto:m.menzer@mittler-report.de\">m.menzer@mittler-report.de<\/a><\/p><p><strong>Advertising representation Eastern Europe\/Ireland\/Turkey\/United Kingdom\/France\/Italy<\/strong><br \/>Stephen Barnard, Phone: +49 (0) 228 3500 886<br \/><a href=\"mailto:Stephen.Barnard@mittler-report.de\">Stephen.Barnard@mittler-report.de<\/a><\/p><p><strong>Advertising representation USA\/Canada<\/strong><br \/>Black Rock Media, Inc.<br \/>Diane Obright, Tel.: +1 858 759 3557<br \/><a href=\"mailto:Diane.Obright@mittler-report.de\">Diane.Obright@mittler-report.de<\/a><\/p><p><strong>Advertising representation Benelux\/Scandinavia\/Baltic States\/Israel<\/strong><br \/>Stephen Elliott, Phone: +49 (0) 228 3500 872<br \/>Stephen.Elliott@mittler-report.de<\/p><p><strong>Layout<\/strong><br \/>Creativ Consulting GmbH Meckenheim<br \/>Phone: +49 (0) 2225 608 6742<\/p><p><strong>Pressure<\/strong><br \/>Lehmann Offset Druck und Verlag GmbH Norderstedt<br \/>www.lehmann-offsetdruck.de<\/p>\t\t\t\t\t\t\t\t<\/div>\n\t\t\t\t<div class=\"elementor-element elementor-element-8f7f694 elementor-widget-divider--view-line elementor-widget elementor-widget-divider\" data-id=\"8f7f694\" data-element_type=\"widget\" data-e-type=\"widget\" data-widget_type=\"divider.default\">\n\t\t\t\t\t\t\t<div class=\"elementor-divider\">\n\t\t\t<span class=\"elementor-divider-separator\">\n\t\t\t\t\t\t<\/span>\n\t\t<\/div>\n\t\t\t\t\t\t<\/div>\n\t\t\t\t<div class=\"elementor-element elementor-element-2223927 elementor-widget elementor-widget-heading\" data-id=\"2223927\" data-element_type=\"widget\" data-e-type=\"widget\" data-widget_type=\"heading.default\">\n\t\t\t\t\t<h2 class=\"elementor-heading-title elementor-size-default\">Magazine ordering and subscriber support<\/h2>\t\t\t\t<\/div>\n\t\t\t\t<div class=\"elementor-element elementor-element-08d8026 elementor-widget elementor-widget-text-editor\" data-id=\"08d8026\" data-element_type=\"widget\" data-e-type=\"widget\" data-widget_type=\"text-editor.default\">\n\t\t\t\t\t\t\t\t\t<p><strong>Mittler Report Verlag GmbH<\/strong><strong><br \/><\/strong>Beethovenallee 21, D-53173 Bonn<br \/>Phone (0228) 3500-888<br \/>Fax (0228) 3500-871<br \/>e-mail\u00a0<a href=\"mailto:abo@mittler-report.de\">abo@mittler-report.de<\/a><\/p>\t\t\t\t\t\t\t\t<\/div>\n\t\t\t\t<div class=\"elementor-element elementor-element-d835bcc elementor-widget elementor-widget-button\" data-id=\"d835bcc\" data-element_type=\"widget\" data-e-type=\"widget\" data-widget_type=\"button.default\">\n\t\t\t\t\t\t\t\t\t\t<a class=\"elementor-button elementor-button-link elementor-size-sm\" href=\"\/en\/info-pages\/marineforum-magazine\/\">\n\t\t\t\t\t\t<span class=\"elementor-button-content-wrapper\">\n\t\t\t\t\t\t\t\t\t<span class=\"elementor-button-text\">subscribe to marineforum<\/span>\n\t\t\t\t\t<\/span>\n\t\t\t\t\t<\/a>\n\t\t\t\t\t\t\t\t<\/div>\n\t\t\t\t<div class=\"elementor-element elementor-element-1247206 elementor-widget elementor-widget-text-editor\" data-id=\"1247206\" data-element_type=\"widget\" data-e-type=\"widget\" data-widget_type=\"text-editor.default\">\n\t\t\t\t\t\t\t\t\t<p><strong style=\"color: var( --e-global-color-text ); font-family: var( --e-global-typography-text-font-family ), Sans-serif; text-align: var(--text-align); font-size: 1rem;\">The magazine marineforum is published ten times a year. The price per issue is \u20ac 9.20 plus postage,<\/strong><\/p><p>Subscription price \u20ac 82.00 per year including shipping costs (not by airmail or abroad). The subscription is renewed for a further year unless cancelled in writing six weeks before the end of the subscription period. Prices are subject to change. The place of jurisdiction and fulfilment is Bonn. The articles or letters to the editor labelled with the names or initials of the authors do not necessarily reflect the opinion of the editors. No liability is accepted for unsolicited manuscripts and images. By accepting a manuscript, the publisher also acquires the right to partial publication and abridgement. All reprinting rights are reserved. marineforum, also a publication of the Naval Officers' Association, is independent, non-partisan and is not supported by authorities, institutions or ministries. marineforum deals with maritime topics in general, in particular security policy, technology, armed forces and naval topics, the German Navy, shipping, shipbuilding and marine technology, historical topics and book reviews.<\/p><p><strong>ISSN (general edition) 0172 - 8547<\/strong><br \/><strong>ISSN (members' edition) 0172 - 8539<\/strong><\/p>\t\t\t\t\t\t\t\t<\/div>\n\t\t\t\t\t<\/div>\n\t\t\t\t<\/div>\n\t\t\t\t<\/div>","protected":false},"excerpt":{"rendered":"<p>marineforum online Redaktion Anbieter Deutsches Maritimes Institut e.V. (DMI)Jadeallee 102, 26382 Wilhelmshaven Vereinsregisternummer: VR 202315Amtsgericht: Oldenburg Tel.: +49 (0)4421 500 47-0Fax: +49 (0)4421 500 47- 29dmi@mov-moh.de Verantwortlich f\u00fcr journalistisch-redaktionelle Inhalte von marineforum.online i.S.d. \u00a7 18 MStV: Jens Grimm \u00a0 Pr\u00e4sidentKonteradmiral a.D. Karsten Schneider VorsitzenderFlottillenadmiral Jens Grimm Gesch\u00e4ftsf\u00fchrerStabskapit\u00e4nleutnant a.D. Karl-Hubert Br\u00fcdegam Login Redakteure marineforum online Design, [&hellip;]<\/p>\n","protected":false},"author":17,"featured_media":0,"parent":74,"menu_order":0,"comment_status":"closed","ping_status":"closed","template":"","meta":{"_acf_changed":false,"_oasis_is_in_workflow":0,"_oasis_original":0,"_oasis_task_priority":"","footnotes":""},"class_list":["post-61","page","type-page","status-publish","hentry"],"acf":[],"_links":{"self":[{"href":"https:\/\/marineforum.online\/en\/wp-json\/wp\/v2\/pages\/61","targetHints":{"allow":["GET"]}}],"collection":[{"href":"https:\/\/marineforum.online\/en\/wp-json\/wp\/v2\/pages"}],"about":[{"href":"https:\/\/marineforum.online\/en\/wp-json\/wp\/v2\/types\/page"}],"author":[{"embeddable":true,"href":"https:\/\/marineforum.online\/en\/wp-json\/wp\/v2\/users\/17"}],"replies":[{"embeddable":true,"href":"https:\/\/marineforum.online\/en\/wp-json\/wp\/v2\/comments?post=61"}],"version-history":[{"count":8,"href":"https:\/\/marineforum.online\/en\/wp-json\/wp\/v2\/pages\/61\/revisions"}],"predecessor-version":[{"id":52149,"href":"https:\/\/marineforum.online\/en\/wp-json\/wp\/v2\/pages\/61\/revisions\/52149"}],"up":[{"embeddable":true,"href":"https:\/\/marineforum.online\/en\/wp-json\/wp\/v2\/pages\/74"}],"wp:attachment":[{"href":"https:\/\/marineforum.online\/en\/wp-json\/wp\/v2\/media?parent=61"}],"curies":[{"name":"wp","href":"https:\/\/api.w.org\/{rel}","templated":true}]}}